


{"id":4827,"date":"2025-01-20T19:29:50","date_gmt":"2025-01-20T12:29:50","guid":{"rendered":"https:\/\/nsl.def2design.com\/sirapassorn\/"},"modified":"2026-04-21T15:44:22","modified_gmt":"2026-04-21T08:44:22","slug":"sirapassorn","status":"publish","type":"page","link":"https:\/\/nslfoods.com\/en\/sirapassorn\/","title":{"rendered":"DR. SIRAPASSORN SAGULWIWAT"},"content":{"rendered":"\n\t<section class=\"section profileheadersec\" id=\"section_1821973543\">\n\t\t<div class=\"section-bg fill\" >\n\t\t\t\t\t\t\t\t\t\n\t\t\t\n\n\t\t<\/div>\n\n\t\t\n\n\t\t<div class=\"section-content relative\">\n\t\t\t\n<div class=\"row row-collapse\" style=\"max-width:1200px\" id=\"row-338857693\">\n\n\t<div id=\"col-256489808\" class=\"col small-12 large-12\"  >\n\t\t\t\t<div class=\"col-inner\"  >\n\t\t\t\n\t\t\t\n\t<div id=\"gap-56812207\" class=\"gap-element clearfix\" style=\"display:block; height:auto;\">\n\t\t\n<style>\n#gap-56812207 {\n  padding-top: 30px;\n}\n<\/style>\n\t<\/div>\n\t\n<div class=\"row row-collapse align-bottom\"  id=\"row-719362934\">\n\n\t<div id=\"col-2097864971\" class=\"col medium-4 small-12 large-4\"  >\n\t\t\t\t<div class=\"col-inner\"  >\n\t\t\t\n\t\t\t\n\t<div class=\"img has-hover x md-x lg-x y md-y lg-y\" id=\"image_48034979\">\n\t\t\t\t\t\t\t\t<div class=\"img-inner dark\" >\n\t\t\t<img loading=\"lazy\" decoding=\"async\" width=\"632\" height=\"639\" src=\"https:\/\/nslfoods.com\/wp-content\/uploads\/2025\/01\/10.-Dr.-Sirapassorn-Sagulwiwat-1.png\" class=\"attachment-original size-original\" alt=\"\" srcset=\"https:\/\/nslfoods.com\/wp-content\/uploads\/2025\/01\/10.-Dr.-Sirapassorn-Sagulwiwat-1.png 632w, https:\/\/nslfoods.com\/wp-content\/uploads\/2025\/01\/10.-Dr.-Sirapassorn-Sagulwiwat-1-297x300.png 297w\" sizes=\"auto, (max-width: 632px) 100vw, 632px\" \/>\t\t\t\t\t\t\n\t\t\t\t\t<\/div>\n\t\t\t\t\t\t\t\t\n<style>\n#image_48034979 {\n  width: 100%;\n}\n<\/style>\n\t<\/div>\n\t\n\t\t<\/div>\n\t\t\t\t\t<\/div>\n\n\t\n\n\t<div id=\"col-799206588\" class=\"col medium-8 small-12 large-8\"  >\n\t\t\t\t<div class=\"col-inner\"  >\n\t\t\t\n\t\t\t\n\t<div id=\"text-3620584370\" class=\"text\">\n\t\t\n<h1>DR. SIRAPASSORN SAGULWIWAT<\/h1>\n\t\t\n<style>\n#text-3620584370 {\n  color: rgb(255,255,255);\n}\n#text-3620584370 > * {\n  color: rgb(255,255,255);\n}\n<\/style>\n\t<\/div>\n\t\n<div class=\"is-divider divider clearfix\" style=\"margin-top:0px;margin-bottom:0px;max-width:500px;height:2px;background-color:rgb(255, 255, 255);\"><\/div>\n\t<div id=\"gap-1556255132\" class=\"gap-element clearfix\" style=\"display:block; height:auto;\">\n\t\t\n<style>\n#gap-1556255132 {\n  padding-top: 30px;\n}\n<\/style>\n\t<\/div>\n\t\n\t<div id=\"text-3159126574\" class=\"text\">\n\t\t\n<p>Assistant Vice President Corporate Strategy &amp; Sustainability<\/p>\n<p>Age 42 years<\/p>\n\t\t\n<style>\n#text-3159126574 {\n  color: rgb(255,255,255);\n}\n#text-3159126574 > * {\n  color: rgb(255,255,255);\n}\n<\/style>\n\t<\/div>\n\t\n\t<div id=\"gap-1662776928\" class=\"gap-element clearfix\" style=\"display:block; height:auto;\">\n\t\t\n<style>\n#gap-1662776928 {\n  padding-top: 30px;\n}\n<\/style>\n\t<\/div>\n\t\n\t\t<\/div>\n\t\t\t\t\n<style>\n#col-799206588 > .col-inner {\n  padding: 20px 20px 0px 20px;\n}\n@media (min-width:550px) {\n  #col-799206588 > .col-inner {\n    padding: 0px 0px 0px 20px;\n  }\n}\n<\/style>\n\t<\/div>\n\n\t\n<\/div>\n\t\t<\/div>\n\t\t\t\t\t<\/div>\n\n\t\n<\/div>\n\t\t<\/div>\n\n\t\t\n<style>\n#section_1821973543 {\n  padding-top: 0px;\n  padding-bottom: 0px;\n  background-color: #086a7a;\n}\n<\/style>\n\t<\/section>\n\t\n\n\t<section class=\"section infopersec\" id=\"section_722671264\">\n\t\t<div class=\"section-bg fill\" >\n\t\t\t\t\t\t\t\t\t\n\t\t\t\n\n\t\t<\/div>\n\n\t\t\n\n\t\t<div class=\"section-content relative\">\n\t\t\t\n<div class=\"row\" style=\"max-width:1200px\" id=\"row-665136505\">\n\n\t<div id=\"col-1575195136\" class=\"col small-12 large-12\"  >\n\t\t\t\t<div class=\"col-inner\"  >\n\t\t\t\n\t\t\t\n\t<div id=\"gap-675767505\" class=\"gap-element clearfix\" style=\"display:block; height:auto;\">\n\t\t\n<style>\n#gap-675767505 {\n  padding-top: 30px;\n}\n<\/style>\n\t<\/div>\n\t\n\t<div id=\"text-1199953494\" class=\"text orangelinerhead\">\n\t\t\n<h3>Education \/ Diploma \/ Training Course<\/h3>\n\t\t\n<style>\n#text-1199953494 {\n  color: rgb(255,255,255);\n}\n#text-1199953494 > * {\n  color: rgb(255,255,255);\n}\n<\/style>\n\t<\/div>\n\t\n\t<div id=\"text-3005156163\" class=\"text orangelinerhead\">\n\t\t\n<ul>\n<li>Ph.D. Peace Studies, International Buddhist Studies College (IBSC) &#8211; International program<\/li>\n<li>MBA Stampford International University &#8211; International Program<\/li>\n<li>BBA. Hospitality Industry, Dusit Thani College, Certified Program \u00c9cole h\u00f4teli\u00e8re de Lausanne, Switzerland. &#8211; International Program<\/li>\n<\/ul>\n\t\t\n<style>\n#text-3005156163 {\n  color: rgb(255,255,255);\n}\n#text-3005156163 > * {\n  color: rgb(255,255,255);\n}\n<\/style>\n\t<\/div>\n\t\n\t<div id=\"text-1710393096\" class=\"text orangelinerhead\">\n\t\t\n<h3>Shareholding Proportion (%)<\/h3>\n\t\t\n<style>\n#text-1710393096 {\n  color: rgb(255,255,255);\n}\n#text-1710393096 > * {\n  color: rgb(255,255,255);\n}\n<\/style>\n\t<\/div>\n\t\n\t<div id=\"text-3432858953\" class=\"text orangelinerhead\">\n\t\t\n<p>None<br \/>\n\t\t\n<style>\n#text-3432858953 {\n  color: rgb(255,255,255);\n}\n#text-3432858953 > * {\n  color: rgb(255,255,255);\n}\n<\/style>\n\t<\/div>\n\t\n\t<div id=\"text-588564600\" class=\"text orangelinerhead\">\n\t\t\n<h3>Relations with other executives \/ directors<\/h3>\n\t\t\n<style>\n#text-588564600 {\n  color: rgb(255,255,255);\n}\n#text-588564600 > * {\n  color: rgb(255,255,255);\n}\n<\/style>\n\t<\/div>\n\t\n\t<div id=\"text-3508359135\" class=\"text orangelinerhead\">\n\t\t\n<p>None<br \/>\n\t\t\n<style>\n#text-3508359135 {\n  color: rgb(255,255,255);\n}\n#text-3508359135 > * {\n  color: rgb(255,255,255);\n}\n<\/style>\n\t<\/div>\n\t\n\t<div id=\"text-1680385256\" class=\"text orangelinerhead\">\n\t\t\n<h3>Professional Experience<\/h3>\n\t\t\n<style>\n#text-1680385256 {\n  color: rgb(255,255,255);\n}\n#text-1680385256 > * {\n  color: rgb(255,255,255);\n}\n<\/style>\n\t<\/div>\n\t\n\t<div id=\"text-838053884\" class=\"text orangelinerhead\">\n\t\t\n<p><span class=\"TextRun Highlight SCXW162674419 BCX0\" lang=\"EN-US\" xml:lang=\"EN-US\" data-contrast=\"auto\"><span class=\"NormalTextRun SCXW162674419 BCX0\">20<\/span><span class=\"NormalTextRun SCXW162674419 BCX0\">24<\/span><span class=\"NormalTextRun SCXW162674419 BCX0\">\u00a0<\/span><span class=\"NormalTextRun SCXW162674419 BCX0\">\u2013 Present Assistant Vice President Corporate Strategy &amp; Sustainability \/ NSL<\/span><\/span><span class=\"EOP SCXW162674419 BCX0\" data-ccp-props=\"{}\">\u00a0<\/span><\/p>\n<p>2006 &#8211; 2024 Strategy &amp; Sustainability Director, Charoen Pokphand Foods PLC.<\/p>\n<p>2005 &#8211; 2006 Executive Brand Strategy, Dentsu Thailand Co., Ltd.<\/p>\n<p>2004 &#8211; 2005 Guest Services Agent, Dusit Thani<\/p>\n\t\t\n<style>\n#text-838053884 {\n  color: rgb(255,255,255);\n}\n#text-838053884 > * {\n  color: rgb(255,255,255);\n}\n<\/style>\n\t<\/div>\n\t\n\t\t<\/div>\n\t\t\t\t\t<\/div>\n\n\t\n<\/div>\n<div class=\"row align-right\" style=\"max-width:1200px\" id=\"row-237699062\">\n\n\t<div id=\"col-778523822\" class=\"col medium-2 small-5 large-2\"  >\n\t\t\t\t<div class=\"col-inner text-right\"  >\n\t\t\t\n\t\t\t\n\n<p><button class=\"gobackbtn\">Back<\/button><br \/>\n\n\t\t<\/div>\n\t\t\t\t\t<\/div>\n\n\t\n<\/div>\n\t\t<\/div>\n\n\t\t\n<style>\n#section_722671264 {\n  padding-top: 30px;\n  padding-bottom: 30px;\n  background-color: #086a7a;\n}\n<\/style>\n\t<\/section>\n\t\n","protected":false},"excerpt":{"rendered":"","protected":false},"author":2,"featured_media":0,"parent":0,"menu_order":0,"comment_status":"closed","ping_status":"closed","template":"","meta":{"_monsterinsights_skip_tracking":false,"_monsterinsights_sitenote_active":false,"_monsterinsights_sitenote_note":"","_monsterinsights_sitenote_category":0,"footnotes":""},"class_list":["post-4827","page","type-page","status-publish","hentry"],"yoast_head":"<!-- This site is optimized with the Yoast SEO plugin v27.1.1 - https:\/\/yoast.com\/product\/yoast-seo-wordpress\/ -->\n<title>DR. SIRAPASSORN SAGULWIWAT - NSL<\/title>\n<meta name=\"robots\" content=\"index, follow, max-snippet:-1, max-image-preview:large, max-video-preview:-1\" \/>\n<link rel=\"canonical\" href=\"https:\/\/nslfoods.com\/en\/sirapassorn\/\" \/>\n<meta property=\"og:locale\" content=\"en_US\" \/>\n<meta property=\"og:type\" content=\"article\" \/>\n<meta property=\"og:title\" content=\"DR. SIRAPASSORN SAGULWIWAT - NSL\" \/>\n<meta property=\"og:url\" content=\"https:\/\/nslfoods.com\/en\/sirapassorn\/\" \/>\n<meta property=\"og:site_name\" content=\"NSL\" \/>\n<meta property=\"article:modified_time\" content=\"2026-04-21T08:44:22+00:00\" \/>\n<meta name=\"twitter:card\" content=\"summary_large_image\" \/>\n<meta name=\"twitter:label1\" content=\"Est. reading time\" \/>\n\t<meta name=\"twitter:data1\" content=\"2 minutes\" \/>\n<script type=\"application\/ld+json\" class=\"yoast-schema-graph\">{\"@context\":\"https:\/\/schema.org\",\"@graph\":[{\"@type\":\"WebPage\",\"@id\":\"https:\/\/nslfoods.com\/en\/sirapassorn\/\",\"url\":\"https:\/\/nslfoods.com\/en\/sirapassorn\/\",\"name\":\"DR. SIRAPASSORN SAGULWIWAT - NSL\",\"isPartOf\":{\"@id\":\"https:\/\/nslfoods.com\/en\/#website\"},\"datePublished\":\"2025-01-20T12:29:50+00:00\",\"dateModified\":\"2026-04-21T08:44:22+00:00\",\"breadcrumb\":{\"@id\":\"https:\/\/nslfoods.com\/en\/sirapassorn\/#breadcrumb\"},\"inLanguage\":\"en-US\",\"potentialAction\":[{\"@type\":\"ReadAction\",\"target\":[\"https:\/\/nslfoods.com\/en\/sirapassorn\/\"]}]},{\"@type\":\"BreadcrumbList\",\"@id\":\"https:\/\/nslfoods.com\/en\/sirapassorn\/#breadcrumb\",\"itemListElement\":[{\"@type\":\"ListItem\",\"position\":1,\"name\":\"Home\",\"item\":\"https:\/\/nslfoods.com\/en\/\"},{\"@type\":\"ListItem\",\"position\":2,\"name\":\"DR. SIRAPASSORN SAGULWIWAT\"}]},{\"@type\":\"WebSite\",\"@id\":\"https:\/\/nslfoods.com\/en\/#website\",\"url\":\"https:\/\/nslfoods.com\/en\/\",\"name\":\"NSL\",\"description\":\"NSL\",\"publisher\":{\"@id\":\"https:\/\/nslfoods.com\/en\/#organization\"},\"potentialAction\":[{\"@type\":\"SearchAction\",\"target\":{\"@type\":\"EntryPoint\",\"urlTemplate\":\"https:\/\/nslfoods.com\/en\/?s={search_term_string}\"},\"query-input\":{\"@type\":\"PropertyValueSpecification\",\"valueRequired\":true,\"valueName\":\"search_term_string\"}}],\"inLanguage\":\"en-US\"},{\"@type\":\"Organization\",\"@id\":\"https:\/\/nslfoods.com\/en\/#organization\",\"name\":\"NSL\",\"url\":\"https:\/\/nslfoods.com\/en\/\",\"logo\":{\"@type\":\"ImageObject\",\"inLanguage\":\"en-US\",\"@id\":\"https:\/\/nslfoods.com\/en\/#\/schema\/logo\/image\/\",\"url\":\"https:\/\/nslfoods.com\/wp-content\/uploads\/2024\/07\/logo.svg\",\"contentUrl\":\"https:\/\/nslfoods.com\/wp-content\/uploads\/2024\/07\/logo.svg\",\"width\":500,\"height\":120,\"caption\":\"NSL\"},\"image\":{\"@id\":\"https:\/\/nslfoods.com\/en\/#\/schema\/logo\/image\/\"}}]}<\/script>\n<!-- \/ Yoast SEO plugin. -->","yoast_head_json":{"title":"DR. SIRAPASSORN SAGULWIWAT - NSL","robots":{"index":"index","follow":"follow","max-snippet":"max-snippet:-1","max-image-preview":"max-image-preview:large","max-video-preview":"max-video-preview:-1"},"canonical":"https:\/\/nslfoods.com\/en\/sirapassorn\/","og_locale":"en_US","og_type":"article","og_title":"DR. SIRAPASSORN SAGULWIWAT - NSL","og_url":"https:\/\/nslfoods.com\/en\/sirapassorn\/","og_site_name":"NSL","article_modified_time":"2026-04-21T08:44:22+00:00","twitter_card":"summary_large_image","twitter_misc":{"Est. reading time":"2 minutes"},"schema":{"@context":"https:\/\/schema.org","@graph":[{"@type":"WebPage","@id":"https:\/\/nslfoods.com\/en\/sirapassorn\/","url":"https:\/\/nslfoods.com\/en\/sirapassorn\/","name":"DR. SIRAPASSORN SAGULWIWAT - NSL","isPartOf":{"@id":"https:\/\/nslfoods.com\/en\/#website"},"datePublished":"2025-01-20T12:29:50+00:00","dateModified":"2026-04-21T08:44:22+00:00","breadcrumb":{"@id":"https:\/\/nslfoods.com\/en\/sirapassorn\/#breadcrumb"},"inLanguage":"en-US","potentialAction":[{"@type":"ReadAction","target":["https:\/\/nslfoods.com\/en\/sirapassorn\/"]}]},{"@type":"BreadcrumbList","@id":"https:\/\/nslfoods.com\/en\/sirapassorn\/#breadcrumb","itemListElement":[{"@type":"ListItem","position":1,"name":"Home","item":"https:\/\/nslfoods.com\/en\/"},{"@type":"ListItem","position":2,"name":"DR. SIRAPASSORN SAGULWIWAT"}]},{"@type":"WebSite","@id":"https:\/\/nslfoods.com\/en\/#website","url":"https:\/\/nslfoods.com\/en\/","name":"NSL","description":"NSL","publisher":{"@id":"https:\/\/nslfoods.com\/en\/#organization"},"potentialAction":[{"@type":"SearchAction","target":{"@type":"EntryPoint","urlTemplate":"https:\/\/nslfoods.com\/en\/?s={search_term_string}"},"query-input":{"@type":"PropertyValueSpecification","valueRequired":true,"valueName":"search_term_string"}}],"inLanguage":"en-US"},{"@type":"Organization","@id":"https:\/\/nslfoods.com\/en\/#organization","name":"NSL","url":"https:\/\/nslfoods.com\/en\/","logo":{"@type":"ImageObject","inLanguage":"en-US","@id":"https:\/\/nslfoods.com\/en\/#\/schema\/logo\/image\/","url":"https:\/\/nslfoods.com\/wp-content\/uploads\/2024\/07\/logo.svg","contentUrl":"https:\/\/nslfoods.com\/wp-content\/uploads\/2024\/07\/logo.svg","width":500,"height":120,"caption":"NSL"},"image":{"@id":"https:\/\/nslfoods.com\/en\/#\/schema\/logo\/image\/"}}]}},"_links":{"self":[{"href":"https:\/\/nslfoods.com\/en\/wp-json\/wp\/v2\/pages\/4827","targetHints":{"allow":["GET"]}}],"collection":[{"href":"https:\/\/nslfoods.com\/en\/wp-json\/wp\/v2\/pages"}],"about":[{"href":"https:\/\/nslfoods.com\/en\/wp-json\/wp\/v2\/types\/page"}],"author":[{"embeddable":true,"href":"https:\/\/nslfoods.com\/en\/wp-json\/wp\/v2\/users\/2"}],"replies":[{"embeddable":true,"href":"https:\/\/nslfoods.com\/en\/wp-json\/wp\/v2\/comments?post=4827"}],"version-history":[{"count":9,"href":"https:\/\/nslfoods.com\/en\/wp-json\/wp\/v2\/pages\/4827\/revisions"}],"predecessor-version":[{"id":8131,"href":"https:\/\/nslfoods.com\/en\/wp-json\/wp\/v2\/pages\/4827\/revisions\/8131"}],"wp:attachment":[{"href":"https:\/\/nslfoods.com\/en\/wp-json\/wp\/v2\/media?parent=4827"}],"curies":[{"name":"wp","href":"https:\/\/api.w.org\/{rel}","templated":true}]}}